{"id":137,"date":"2018-05-25T20:20:35","date_gmt":"2018-05-25T18:20:35","guid":{"rendered":"http:\/\/www.moehnewind.de\/?page_id=137"},"modified":"2018-05-25T20:28:08","modified_gmt":"2018-05-25T18:28:08","slug":"datenschutzbestimmung","status":"publish","type":"page","link":"https:\/\/www.moehnewind.de\/?page_id=137","title":{"rendered":"Datenschutzbestimmung"},"content":{"rendered":"<p>Wir freuen uns sehr \u00fcber Ihr Interesse an unserem Unternehmen. Datenschutz hat einen besonders hohen Stellenwert f\u00fcr die M\u00f6hnewind GbR.<\/p>\n<p><strong>Geltungsbereich<\/strong><br \/>\nGem\u00e4\u00df Bundesdatenschutz- und Telemediengesetz kl\u00e4ren wir als Websitebetreiber M\u00f6hnewind GbR die Nutzer unserer Website \u00fcber die Art, den Umfang und den Zweck der Erhebung und Verwendung von personenbezogener Daten auf.<br \/>\nWir nehmen Ihren Datenschutz sehr ernst und behandeln Ihre personenbezogen Daten vertraulich und entsprechend der gesetzlichen Vorschriften. Ferner werden betroffene Personen mittels dieser Datenschutzerkl\u00e4rung \u00fcber die ihnen zustehenden Rechte aufgekl\u00e4rt. Jedoch bedenken Sie immer, dass die Daten\u00fcbertragung im Internet grunds\u00e4tzlich mit Sicherheitsl\u00fccken bedacht sein kann. Einen hundertprozentigen Schutz vor dem Zugriff durch Fremde ist nicht realisierbar. Aus diesem Grund steht es jeder betroffenen Person frei, personenbezogene Daten auch auf alternativen Wegen, beispielsweise telefonisch, an uns zu \u00fcbermitteln.<\/p>\n<p><strong>1. Daten\u00fcbermittlung \/Datenprotokollierung<\/strong><br \/>\nBeim Besuch dieser Seite verzeichnet der Web-Server automatisch Log-Files, die keiner bestimmten Person zugeordnet werden k\u00f6nnen. Diese Daten beinhalten z. B. den Browsertyp und -version, verwendetes Betriebssystem, Referrer URL (die zuvor besuchte Seite), IP-Adresse des anfragenden Rechners, Zugriffsdatum und -uhrzeit der Serveranfrage und die Dateianfrage des Client (Dateiname und URL). Diese Daten werden nur zum Zweck der statistischen Auswertung gesammelt. Eine Weitergabe an Dritte, zu kommerziellen oder nichtkommerziellen Zwecken, findet nicht statt.<\/p>\n<p><strong>2. Nutzung und Umgang mit pers\u00f6nlicher Daten<\/strong><br \/>\nPers\u00f6nliche Daten werden nur erhoben oder verarbeitet, wenn Sie diese Angaben freiwillig, z.B. im Rahmen einer Anfrage \u00fcber die von uns angebotene Kontakt-Seite mitteilen. Dabei werden Ihre Angaben gespeichert, damit auf diese zur Bearbeitung und Beantwortung Ihrer Anfrage zur\u00fcckgegriffen werden kann. Sofern keine erforderlichen Gr\u00fcnde im Zusammenhang mit einer Gesch\u00e4ftsabwicklung bestehen, k\u00f6nnen Sie jederzeit die zuvor erteilte Genehmigung Ihrer pers\u00f6nlichen Datenspeicherung mit sofortiger Wirkung schriftlich (z.B. per E-Mail oder per Fax) widerrufen. Ohne Ihre Einwilligung werden diese Daten nicht an Dritte weitergegeben, es sei denn, eine Weitergabe ist aufgrund gesetzlicher Vorschriften erforderlich. Allerdings sind diese E-Mails nicht verschl\u00fcsselt und wer das technische Know-How besitzt E-Mails auf ihrem Weg von A nach B abzufangen, kann den Inhalt lesen. Wo ein Wille ist, ist eben auch immer ein Weg und diese Wege k\u00f6nnen wir nicht kontrollieren. Die Gefahr, dass E-Mails von Dritten gelesen werden ist aber sehr wahrscheinlich auch gegeben, wenn Sie von Ihrem heimischen PC aus E-Mails verschicken. Wir versichern jedoch, dass diese Daten nicht an Dritte weitergegeben werden und wir alle Vorkehrungen getroffen haben, die den Zugriff Unbefugter verhindern sollen. Eine 100%-ige Garantie k\u00f6nnen wir jedoch nicht abgeben.<\/p>\n<p><strong>3. Auskunft, \u00c4nderung und L\u00f6schung Ihrer Daten<\/strong><br \/>\nGem\u00e4\u00df geltendem Recht k\u00f6nnen Sie jederzeit bei uns schriftlich nachfragen, ob und welche personenbezogenen Daten bei uns \u00fcber Sie gespeichert sind. Eine entsprechende Mitteilung hierzu erhalten Sie umgehend.<\/p>\n<p><strong>4. Sicherheit Ihrer Daten<\/strong><br \/>\nIhre uns zur Verf\u00fcgung gestellten pers\u00f6nlichen Daten werden durch Ergreifung aller technischen sowie organisatorischen Sicherheitsma\u00dfnahmen so gesichert, dass sie f\u00fcr den Zugriff unberechtigter Dritter unzug\u00e4nglich sind. Bei Versendung von sehr sensiblen Daten oder Informationen ist es empfehlenswert, den Postweg zu nutzen, da eine vollst\u00e4ndige Datensicherheit per E-Mail siehe Punkt 2. nicht gew\u00e4hrleistet werden kann.<\/p>\n<p><strong>5. Hinweis zu Google Analytics<\/strong><br \/>\nDiese Website benutzt Google Analytics, einen Webanalysedienst der Google Inc. (\u201eGoogle\u201c).\u00a0 Google Analytics verwendet sog. \u201eCookies\u201c, d. h. Textdateien, die auf Ihrem Computer gespeichert werden und die eine Analyse der Benutzung der Website durch Sie erm\u00f6glicht. Die durch den Cookie erzeugten Informationen \u00fcber Ihre Benutzung diese Website (einschlie\u00dflich Ihrer IP-Adresse) wird an einen Server von Google in den USA \u00fcbertragen und dort gespeichert. Google wird diese Informationen benutzen, um Ihre Nutzung der Website auszuwerten, um Reports \u00fcber die Websiteaktivit\u00e4ten f\u00fcr die Websitebetreiber zusammenzustellen und um weitere mit der Websitenutzung und der Internetnutzung verbundene Dienstleistungen zu erbringen. Auch wird Google diese Informationen gegebenenfalls an Dritte \u00fcbertragen, sofern dies gesetzlich vorgeschrieben oder soweit Dritte diese Daten im Auftrag von Google verarbeiten. Google wird in keinem Fall Ihre IP-Adresse mit anderen Daten der Google in Verbindung bringen. Sie k\u00f6nnen die Installation der Cookies durch eine entsprechende Einstellung Ihrer Browser Software verhindern; wir weisen Sie jedoch darauf hin, dass Sie in diesem Fall gegebenenfalls nicht s\u00e4mtliche Funktionen dieser Website voll umf\u00e4nglich nutzen k\u00f6nnen. Durch die Nutzung dieser Website erkl\u00e4ren Sie sich mit der Bearbeitung der \u00fcber Sie erhobenen Daten durch Google in der zuvor beschriebenen Art und Weise und zu dem zuvor benannten Zweck einverstanden.<\/p>\n<p><strong>6. \u00c4nderungen dieser Datenschutzbestimmungen<\/strong><br \/>\nWir werden diese Richtlinien zum Schutz Ihrer pers\u00f6nlichen Daten von Zeit zu Zeit aktualisieren. Sie sollten sich diese Richtlinien gelegentlich ansehen, um auf dem Laufenden dar\u00fcber zu bleiben, wie wir Ihre Daten sch\u00fctzen und die Inhalte unserer Website stetig verbessern. Sollten wir wesentliche \u00c4nderungen bei der Sammlung, der Nutzung und\/oder der Weitergabe der uns von Ihnen zur Verf\u00fcgung gestellten personenbezogenen Daten vornehmen, werden wir Sie durch einen eindeutigen und gut sichtbaren Hinweis auf der Website darauf aufmerksam machen. Mit der Nutzung der Webseite erkl\u00e4ren Sie sich mit den Bedingungen dieser Richtlinien zum Schutz pers\u00f6nlicher Daten einverstanden.<\/p>\n<p><strong>7. Name und Anschrift des f\u00fcr die Verarbeitung Verantwortlichen\u00a0<\/strong><br \/>\nVerantwortlicher im Sinne der Datenschutz-Grundverordnung, sonstiger in den Mitgliedstaaten der Europ\u00e4ischen Union geltenden Datenschutzgesetze und anderer Bestimmungen mit datenschutzrechtlichen Charakter ist:<\/p>\n<p>Otto Sprenger<br \/>\nAuf\u2019m Steinhaufen 4<br \/>\n59519 M\u00f6hnesee<\/p>\n<p>Stand Mai 2018 &#8211; Version: 01<\/p>\n","protected":false},"excerpt":{"rendered":"<p>Wir freuen uns sehr \u00fcber Ihr Interesse an unserem Unternehmen. Datenschutz hat einen besonders hohen Stellenwert f\u00fcr die M\u00f6hnewind GbR. Geltungsbereich Gem\u00e4\u00df Bundesdatenschutz- und Telemediengesetz kl\u00e4ren wir als Websitebetreiber M\u00f6hnewind GbR die Nutzer unserer Website \u00fcber die Art, den Umfang und den Zweck der Erhebung und Verwendung von personenbezogener Daten auf. Wir nehmen Ihren Datenschutz &hellip; <a href=\"https:\/\/www.moehnewind.de\/?page_id=137\" class=\"more-link\"><span class=\"screen-reader-text\">Datenschutzbestimmung<\/span> weiterlesen <span class=\"meta-nav\">&rarr;<\/span><\/a><\/p>\n","protected":false},"author":1,"featured_media":0,"parent":0,"menu_order":0,"comment_status":"closed","ping_status":"closed","template":"","meta":[],"_links":{"self":[{"href":"https:\/\/www.moehnewind.de\/index.php?rest_route=\/wp\/v2\/pages\/137"}],"collection":[{"href":"https:\/\/www.moehnewind.de\/index.php?rest_route=\/wp\/v2\/pages"}],"about":[{"href":"https:\/\/www.moehnewind.de\/index.php?rest_route=\/wp\/v2\/types\/page"}],"author":[{"embeddable":true,"href":"https:\/\/www.moehnewind.de\/index.php?rest_route=\/wp\/v2\/users\/1"}],"replies":[{"embeddable":true,"href":"https:\/\/www.moehnewind.de\/index.php?rest_route=%2Fwp%2Fv2%2Fcomments&post=137"}],"version-history":[{"count":3,"href":"https:\/\/www.moehnewind.de\/index.php?rest_route=\/wp\/v2\/pages\/137\/revisions"}],"predecessor-version":[{"id":141,"href":"https:\/\/www.moehnewind.de\/index.php?rest_route=\/wp\/v2\/pages\/137\/revisions\/141"}],"wp:attachment":[{"href":"https:\/\/www.moehnewind.de\/index.php?rest_route=%2Fwp%2Fv2%2Fmedia&parent=137"}],"curies":[{"name":"wp","href":"https:\/\/api.w.org\/{rel}","templated":true}]}}